{"id":7719,"date":"2020-08-04T17:06:57","date_gmt":"2020-08-04T14:06:57","guid":{"rendered":"https:\/\/www.selfdrivelatvia.com\/?page_id=7719"},"modified":"2020-09-16T10:15:10","modified_gmt":"2020-09-16T07:15:10","slug":"homepage","status":"publish","type":"page","link":"https:\/\/staging.selfdrivelatvia.com\/en\/","title":{"rendered":"Homepage"},"content":{"rendered":"","protected":false},"excerpt":{"rendered":"","protected":false},"author":1,"featured_media":0,"parent":0,"menu_order":0,"comment_status":"closed","ping_status":"closed","template":"","meta":{"footnotes":""},"class_list":["post-7719","page","type-page","status-publish","hentry"],"yoast_head":"<!-- This site is optimized with the Yoast SEO plugin v27.0 - https:\/\/yoast.com\/product\/yoast-seo-wordpress\/ -->\n<title>Aizraujo\u0161i auto t\u016brisma mar\u0161ruti Latvij\u0101 | Self Drive Latvia<\/title>\n<meta name=\"description\" content=\"Atkl\u0101jiet Latviju no jauna un izm\u0113\u0123iniet k\u0101du no Self Drive Latvia mar\u0161rutiem - gan vieglajiem, gan apvidus tipa auto. Sa\u0146em karti un objektu sarakstu!\" \/>\n<meta name=\"robots\" content=\"noindex, follow, max-snippet:-1, max-image-preview:large, max-video-preview:-1\" \/>\n<meta property=\"og:locale\" content=\"en_US\" \/>\n<meta property=\"og:type\" content=\"article\" \/>\n<meta property=\"og:title\" content=\"Aizraujo\u0161i auto t\u016brisma mar\u0161ruti Latvij\u0101 | Self Drive Latvia\" \/>\n<meta property=\"og:description\" content=\"Atkl\u0101jiet Latviju no jauna un izm\u0113\u0123iniet k\u0101du no Self Drive Latvia mar\u0161rutiem - gan vieglajiem, gan apvidus tipa auto. Sa\u0146em karti un objektu sarakstu!\" \/>\n<meta property=\"og:url\" content=\"https:\/\/staging.selfdrivelatvia.com\/en\/\" \/>\n<meta property=\"og:site_name\" content=\"Self Drive Latvia\" \/>\n<meta property=\"article:modified_time\" content=\"2020-09-16T07:15:10+00:00\" \/>\n<meta name=\"twitter:card\" content=\"summary_large_image\" \/>\n<script type=\"application\/ld+json\" class=\"yoast-schema-graph\">{\"@context\":\"https:\/\/schema.org\",\"@graph\":[{\"@type\":\"WebPage\",\"@id\":\"https:\/\/staging.selfdrivelatvia.com\/en\/\",\"url\":\"https:\/\/staging.selfdrivelatvia.com\/en\/\",\"name\":\"Aizraujo\u0161i auto t\u016brisma mar\u0161ruti Latvij\u0101 | Self Drive Latvia\",\"isPartOf\":{\"@id\":\"https:\/\/staging.selfdrivelatvia.com\/en\/#website\"},\"datePublished\":\"2020-08-04T14:06:57+00:00\",\"dateModified\":\"2020-09-16T07:15:10+00:00\",\"description\":\"Atkl\u0101jiet Latviju no jauna un izm\u0113\u0123iniet k\u0101du no Self Drive Latvia mar\u0161rutiem - gan vieglajiem, gan apvidus tipa auto. Sa\u0146em karti un objektu sarakstu!\",\"breadcrumb\":{\"@id\":\"https:\/\/staging.selfdrivelatvia.com\/en\/#breadcrumb\"},\"inLanguage\":\"en-US\",\"potentialAction\":[{\"@type\":\"ReadAction\",\"target\":[\"https:\/\/staging.selfdrivelatvia.com\/en\/\"]}]},{\"@type\":\"BreadcrumbList\",\"@id\":\"https:\/\/staging.selfdrivelatvia.com\/en\/#breadcrumb\",\"itemListElement\":[{\"@type\":\"ListItem\",\"position\":1,\"name\":\"Home\",\"item\":\"https:\/\/staging.selfdrivelatvia.com\/en\/\"},{\"@type\":\"ListItem\",\"position\":2,\"name\":\"Homepage\"}]},{\"@type\":\"WebSite\",\"@id\":\"https:\/\/staging.selfdrivelatvia.com\/en\/#website\",\"url\":\"https:\/\/staging.selfdrivelatvia.com\/en\/\",\"name\":\"Self Drive Latvia\",\"description\":\"Auto ce\u013cojumu mar\u0161ruti pa Latviju\",\"potentialAction\":[{\"@type\":\"SearchAction\",\"target\":{\"@type\":\"EntryPoint\",\"urlTemplate\":\"https:\/\/staging.selfdrivelatvia.com\/en\/?s={search_term_string}\"},\"query-input\":{\"@type\":\"PropertyValueSpecification\",\"valueRequired\":true,\"valueName\":\"search_term_string\"}}],\"inLanguage\":\"en-US\"}]}<\/script>\n<!-- \/ Yoast SEO plugin. -->","yoast_head_json":{"title":"Aizraujo\u0161i auto t\u016brisma mar\u0161ruti Latvij\u0101 | Self Drive Latvia","description":"Atkl\u0101jiet Latviju no jauna un izm\u0113\u0123iniet k\u0101du no Self Drive Latvia mar\u0161rutiem - gan vieglajiem, gan apvidus tipa auto. Sa\u0146em karti un objektu sarakstu!","robots":{"index":"noindex","follow":"follow","max-snippet":"max-snippet:-1","max-image-preview":"max-image-preview:large","max-video-preview":"max-video-preview:-1"},"og_locale":"en_US","og_type":"article","og_title":"Aizraujo\u0161i auto t\u016brisma mar\u0161ruti Latvij\u0101 | Self Drive Latvia","og_description":"Atkl\u0101jiet Latviju no jauna un izm\u0113\u0123iniet k\u0101du no Self Drive Latvia mar\u0161rutiem - gan vieglajiem, gan apvidus tipa auto. Sa\u0146em karti un objektu sarakstu!","og_url":"https:\/\/staging.selfdrivelatvia.com\/en\/","og_site_name":"Self Drive Latvia","article_modified_time":"2020-09-16T07:15:10+00:00","twitter_card":"summary_large_image","schema":{"@context":"https:\/\/schema.org","@graph":[{"@type":"WebPage","@id":"https:\/\/staging.selfdrivelatvia.com\/en\/","url":"https:\/\/staging.selfdrivelatvia.com\/en\/","name":"Aizraujo\u0161i auto t\u016brisma mar\u0161ruti Latvij\u0101 | Self Drive Latvia","isPartOf":{"@id":"https:\/\/staging.selfdrivelatvia.com\/en\/#website"},"datePublished":"2020-08-04T14:06:57+00:00","dateModified":"2020-09-16T07:15:10+00:00","description":"Atkl\u0101jiet Latviju no jauna un izm\u0113\u0123iniet k\u0101du no Self Drive Latvia mar\u0161rutiem - gan vieglajiem, gan apvidus tipa auto. Sa\u0146em karti un objektu sarakstu!","breadcrumb":{"@id":"https:\/\/staging.selfdrivelatvia.com\/en\/#breadcrumb"},"inLanguage":"en-US","potentialAction":[{"@type":"ReadAction","target":["https:\/\/staging.selfdrivelatvia.com\/en\/"]}]},{"@type":"BreadcrumbList","@id":"https:\/\/staging.selfdrivelatvia.com\/en\/#breadcrumb","itemListElement":[{"@type":"ListItem","position":1,"name":"Home","item":"https:\/\/staging.selfdrivelatvia.com\/en\/"},{"@type":"ListItem","position":2,"name":"Homepage"}]},{"@type":"WebSite","@id":"https:\/\/staging.selfdrivelatvia.com\/en\/#website","url":"https:\/\/staging.selfdrivelatvia.com\/en\/","name":"Self Drive Latvia","description":"Auto ce\u013cojumu mar\u0161ruti pa Latviju","potentialAction":[{"@type":"SearchAction","target":{"@type":"EntryPoint","urlTemplate":"https:\/\/staging.selfdrivelatvia.com\/en\/?s={search_term_string}"},"query-input":{"@type":"PropertyValueSpecification","valueRequired":true,"valueName":"search_term_string"}}],"inLanguage":"en-US"}]}},"_links":{"self":[{"href":"https:\/\/staging.selfdrivelatvia.com\/en\/wp-json\/wp\/v2\/pages\/7719","targetHints":{"allow":["GET"]}}],"collection":[{"href":"https:\/\/staging.selfdrivelatvia.com\/en\/wp-json\/wp\/v2\/pages"}],"about":[{"href":"https:\/\/staging.selfdrivelatvia.com\/en\/wp-json\/wp\/v2\/types\/page"}],"author":[{"embeddable":true,"href":"https:\/\/staging.selfdrivelatvia.com\/en\/wp-json\/wp\/v2\/users\/1"}],"replies":[{"embeddable":true,"href":"https:\/\/staging.selfdrivelatvia.com\/en\/wp-json\/wp\/v2\/comments?post=7719"}],"version-history":[{"count":5,"href":"https:\/\/staging.selfdrivelatvia.com\/en\/wp-json\/wp\/v2\/pages\/7719\/revisions"}],"predecessor-version":[{"id":7882,"href":"https:\/\/staging.selfdrivelatvia.com\/en\/wp-json\/wp\/v2\/pages\/7719\/revisions\/7882"}],"wp:attachment":[{"href":"https:\/\/staging.selfdrivelatvia.com\/en\/wp-json\/wp\/v2\/media?parent=7719"}],"curies":[{"name":"wp","href":"https:\/\/api.w.org\/{rel}","templated":true}]}}