{"id":7849,"date":"2020-09-14T10:02:07","date_gmt":"2020-09-14T07:02:07","guid":{"rendered":"https:\/\/www.selfdrivelatvia.com\/about-our-team\/"},"modified":"2020-10-08T16:50:45","modified_gmt":"2020-10-08T13:50:45","slug":"about-our-team","status":"publish","type":"page","link":"https:\/\/staging.selfdrivelatvia.com\/en\/about-our-team\/","title":{"rendered":"About Our Team"},"content":{"rendered":"","protected":false},"excerpt":{"rendered":"","protected":false},"author":1,"featured_media":0,"parent":0,"menu_order":0,"comment_status":"closed","ping_status":"closed","template":"","meta":{"footnotes":""},"class_list":["post-7849","page","type-page","status-publish","hentry"],"yoast_head":"<!-- This site is optimized with the Yoast SEO plugin v27.0 - https:\/\/yoast.com\/product\/yoast-seo-wordpress\/ -->\n<title>Kas ir Self Drive Latvia? | Self Drive Latvia<\/title>\n<meta name=\"description\" content=\"Self Drive Latvia ir 4x4 entuziastu grupa, kas pied\u0101v\u0101 \u012bpa\u0161i sagatavotus un p\u0101rbaud\u012btus apvidus auto mar\u0161rutus kop\u0101 ar autentiskiem apskates objektiem.\" \/>\n<meta name=\"robots\" content=\"noindex, follow, max-snippet:-1, max-image-preview:large, max-video-preview:-1\" \/>\n<meta property=\"og:locale\" content=\"en_US\" \/>\n<meta property=\"og:type\" content=\"article\" \/>\n<meta property=\"og:title\" content=\"Kas ir Self Drive Latvia? | Self Drive Latvia\" \/>\n<meta property=\"og:description\" content=\"Self Drive Latvia ir 4x4 entuziastu grupa, kas pied\u0101v\u0101 \u012bpa\u0161i sagatavotus un p\u0101rbaud\u012btus apvidus auto mar\u0161rutus kop\u0101 ar autentiskiem apskates objektiem.\" \/>\n<meta property=\"og:url\" content=\"https:\/\/staging.selfdrivelatvia.com\/en\/about-our-team\/\" \/>\n<meta property=\"og:site_name\" content=\"Self Drive Latvia\" \/>\n<meta property=\"article:modified_time\" content=\"2020-10-08T13:50:45+00:00\" \/>\n<meta name=\"twitter:card\" content=\"summary_large_image\" \/>\n<script type=\"application\/ld+json\" class=\"yoast-schema-graph\">{\"@context\":\"https:\/\/schema.org\",\"@graph\":[{\"@type\":\"WebPage\",\"@id\":\"https:\/\/staging.selfdrivelatvia.com\/en\/about-our-team\/\",\"url\":\"https:\/\/staging.selfdrivelatvia.com\/en\/about-our-team\/\",\"name\":\"Kas ir Self Drive Latvia? | Self Drive Latvia\",\"isPartOf\":{\"@id\":\"https:\/\/staging.selfdrivelatvia.com\/en\/#website\"},\"datePublished\":\"2020-09-14T07:02:07+00:00\",\"dateModified\":\"2020-10-08T13:50:45+00:00\",\"description\":\"Self Drive Latvia ir 4x4 entuziastu grupa, kas pied\u0101v\u0101 \u012bpa\u0161i sagatavotus un p\u0101rbaud\u012btus apvidus auto mar\u0161rutus kop\u0101 ar autentiskiem apskates objektiem.\",\"breadcrumb\":{\"@id\":\"https:\/\/staging.selfdrivelatvia.com\/en\/about-our-team\/#breadcrumb\"},\"inLanguage\":\"en-US\",\"potentialAction\":[{\"@type\":\"ReadAction\",\"target\":[\"https:\/\/staging.selfdrivelatvia.com\/en\/about-our-team\/\"]}]},{\"@type\":\"BreadcrumbList\",\"@id\":\"https:\/\/staging.selfdrivelatvia.com\/en\/about-our-team\/#breadcrumb\",\"itemListElement\":[{\"@type\":\"ListItem\",\"position\":1,\"name\":\"Home\",\"item\":\"https:\/\/staging.selfdrivelatvia.com\/en\/\"},{\"@type\":\"ListItem\",\"position\":2,\"name\":\"About Our Team\"}]},{\"@type\":\"WebSite\",\"@id\":\"https:\/\/staging.selfdrivelatvia.com\/en\/#website\",\"url\":\"https:\/\/staging.selfdrivelatvia.com\/en\/\",\"name\":\"Self Drive Latvia\",\"description\":\"Auto ce\u013cojumu mar\u0161ruti pa Latviju\",\"potentialAction\":[{\"@type\":\"SearchAction\",\"target\":{\"@type\":\"EntryPoint\",\"urlTemplate\":\"https:\/\/staging.selfdrivelatvia.com\/en\/?s={search_term_string}\"},\"query-input\":{\"@type\":\"PropertyValueSpecification\",\"valueRequired\":true,\"valueName\":\"search_term_string\"}}],\"inLanguage\":\"en-US\"}]}<\/script>\n<!-- \/ Yoast SEO plugin. -->","yoast_head_json":{"title":"Kas ir Self Drive Latvia? | Self Drive Latvia","description":"Self Drive Latvia ir 4x4 entuziastu grupa, kas pied\u0101v\u0101 \u012bpa\u0161i sagatavotus un p\u0101rbaud\u012btus apvidus auto mar\u0161rutus kop\u0101 ar autentiskiem apskates objektiem.","robots":{"index":"noindex","follow":"follow","max-snippet":"max-snippet:-1","max-image-preview":"max-image-preview:large","max-video-preview":"max-video-preview:-1"},"og_locale":"en_US","og_type":"article","og_title":"Kas ir Self Drive Latvia? | Self Drive Latvia","og_description":"Self Drive Latvia ir 4x4 entuziastu grupa, kas pied\u0101v\u0101 \u012bpa\u0161i sagatavotus un p\u0101rbaud\u012btus apvidus auto mar\u0161rutus kop\u0101 ar autentiskiem apskates objektiem.","og_url":"https:\/\/staging.selfdrivelatvia.com\/en\/about-our-team\/","og_site_name":"Self Drive Latvia","article_modified_time":"2020-10-08T13:50:45+00:00","twitter_card":"summary_large_image","schema":{"@context":"https:\/\/schema.org","@graph":[{"@type":"WebPage","@id":"https:\/\/staging.selfdrivelatvia.com\/en\/about-our-team\/","url":"https:\/\/staging.selfdrivelatvia.com\/en\/about-our-team\/","name":"Kas ir Self Drive Latvia? | Self Drive Latvia","isPartOf":{"@id":"https:\/\/staging.selfdrivelatvia.com\/en\/#website"},"datePublished":"2020-09-14T07:02:07+00:00","dateModified":"2020-10-08T13:50:45+00:00","description":"Self Drive Latvia ir 4x4 entuziastu grupa, kas pied\u0101v\u0101 \u012bpa\u0161i sagatavotus un p\u0101rbaud\u012btus apvidus auto mar\u0161rutus kop\u0101 ar autentiskiem apskates objektiem.","breadcrumb":{"@id":"https:\/\/staging.selfdrivelatvia.com\/en\/about-our-team\/#breadcrumb"},"inLanguage":"en-US","potentialAction":[{"@type":"ReadAction","target":["https:\/\/staging.selfdrivelatvia.com\/en\/about-our-team\/"]}]},{"@type":"BreadcrumbList","@id":"https:\/\/staging.selfdrivelatvia.com\/en\/about-our-team\/#breadcrumb","itemListElement":[{"@type":"ListItem","position":1,"name":"Home","item":"https:\/\/staging.selfdrivelatvia.com\/en\/"},{"@type":"ListItem","position":2,"name":"About Our Team"}]},{"@type":"WebSite","@id":"https:\/\/staging.selfdrivelatvia.com\/en\/#website","url":"https:\/\/staging.selfdrivelatvia.com\/en\/","name":"Self Drive Latvia","description":"Auto ce\u013cojumu mar\u0161ruti pa Latviju","potentialAction":[{"@type":"SearchAction","target":{"@type":"EntryPoint","urlTemplate":"https:\/\/staging.selfdrivelatvia.com\/en\/?s={search_term_string}"},"query-input":{"@type":"PropertyValueSpecification","valueRequired":true,"valueName":"search_term_string"}}],"inLanguage":"en-US"}]}},"_links":{"self":[{"href":"https:\/\/staging.selfdrivelatvia.com\/en\/wp-json\/wp\/v2\/pages\/7849","targetHints":{"allow":["GET"]}}],"collection":[{"href":"https:\/\/staging.selfdrivelatvia.com\/en\/wp-json\/wp\/v2\/pages"}],"about":[{"href":"https:\/\/staging.selfdrivelatvia.com\/en\/wp-json\/wp\/v2\/types\/page"}],"author":[{"embeddable":true,"href":"https:\/\/staging.selfdrivelatvia.com\/en\/wp-json\/wp\/v2\/users\/1"}],"replies":[{"embeddable":true,"href":"https:\/\/staging.selfdrivelatvia.com\/en\/wp-json\/wp\/v2\/comments?post=7849"}],"version-history":[{"count":4,"href":"https:\/\/staging.selfdrivelatvia.com\/en\/wp-json\/wp\/v2\/pages\/7849\/revisions"}],"predecessor-version":[{"id":7895,"href":"https:\/\/staging.selfdrivelatvia.com\/en\/wp-json\/wp\/v2\/pages\/7849\/revisions\/7895"}],"wp:attachment":[{"href":"https:\/\/staging.selfdrivelatvia.com\/en\/wp-json\/wp\/v2\/media?parent=7849"}],"curies":[{"name":"wp","href":"https:\/\/api.w.org\/{rel}","templated":true}]}}