{"id":8010,"date":"2020-12-01T02:15:26","date_gmt":"2020-12-01T00:15:26","guid":{"rendered":"https:\/\/www.selfdrivelatvia.com\/product\/gift-card\/"},"modified":"2020-12-18T18:06:51","modified_gmt":"2020-12-18T16:06:51","slug":"davanu-karte","status":"publish","type":"product","link":"https:\/\/staging.selfdrivelatvia.com\/en\/product\/davanu-karte\/","title":{"rendered":"D\u0101vanu karte"},"content":{"rendered":"<p>Ja Tu v\u0113lies k\u0101du p\u0101rsteigt sv\u0113tkos ar \u012bpa\u0161u piedz\u012bvojumu, tad izv\u0113lies &#8220;Self Drive Latvia&#8221; elektronisko D\u0101vanu karti auto <a href=\"https:\/\/www.selfdrivelatvia.com\/marsruti\/\">ce\u013cojumu mar\u0161rutu<\/a> pa Latviju ieg\u0101dei.<\/p>\n<p>Ar pilnu atbild\u012bbas saj\u016btu m\u0113s sak\u0101m \u2013 Latvij\u0101 IR ko redz\u0113t! Un tie\u0161i t\u0101p\u0113c pied\u0101v\u0101jam visiem automa\u0161\u012bnu \u012bpa\u0161niekiem speci\u0101li izstr\u0101d\u0101tus <a href=\"https:\/\/www.selfdrivelatvia.com\/marsruti\/\">mar\u0161rutus<\/a>, kuros apvienots viss, m\u016bsupr\u0101t, v\u0113rt\u012bg\u0101kais un pla\u0161\u0101kai publikai nezin\u0101mais \u2013 ainaviski dabas skati, interesanti apskates objekti un aizraujo\u0161i ce\u013ci lauku apvidos!<\/p>\n<p>D\u0101vanu karte ir izmantojama k\u0101da no m\u016bsu pied\u0101v\u0101to <a href=\"https:\/\/www.selfdrivelatvia.com\/2020\/05\/13\/kas-ir-self-drive\/\"><em>self-drive<\/em> mar\u0161rutu<\/a> elektroniska \u201ctreka\u201d (jeb ce\u013ca) un apraksta ieg\u0101dei. Ir divi veidi k\u0101 p\u0101rsteigt un apsveikt sa\u0146\u0113m\u0113ju:<br \/>\n1) pie ieg\u0101des nor\u0101d\u012bt sa\u0146\u0113m\u0113ja e-pasta adresi, uz kuru tiks nos\u016bt\u012bta v\u0113stule, kas satur\u0113s d\u0101vin\u0101t\u0101ja v\u0101rdu (j\u0101nor\u0101da lauk\u0101 &#8220;No k\u0101&#8221;), nov\u0113l\u0113jumu (ja b\u016bsi izv\u0113l\u0113jies to ierakst\u012bt), D\u0101vanu kartes v\u0113rt\u012bbu un unik\u0101lu kodu, ko var\u0113s piem\u0113rot noform\u0113jot mar\u0161ruta\/-u pirkumu;<br \/>\n2) Tu vari D\u0101vanu karti nos\u016bt\u012bt uz savu e-pasta adresi, un p\u0113c tam taj\u0101 atrodamo unik\u0101lo kodu jebk\u0101d\u0101 veid\u0101 p\u0101rs\u016bt\u012bt\/nodot sa\u0146\u0113m\u0113jam.<\/p>\n<p style=\"text-align: left;\">Ieg\u0101d\u0101joties D\u0101vanu karti, Tu saviem draugiem uzd\u0101vin\u0101si:<\/p>\n<ul>\n<li style=\"text-align: left;\">Speci\u0101li vieglaj\u0101m vai SUV automa\u0161\u012bn\u0101m sagatavotu mar\u0161rutu<\/li>\n<li style=\"text-align: left;\">Lab\u0101kos un interesant\u0101kos apskates objektus apk\u0101rtn\u0113<\/li>\n<li style=\"text-align: left;\">Objektu sarakstu un \u012bsus aprakstus<\/li>\n<li style=\"text-align: left;\">Mar\u0161ruta treku un punktus *.gpx form\u0101t\u0101.<\/li>\n<\/ul>\n<p>D\u0101vanu karte var tikt izmantota jebkura <a href=\"https:\/\/www.selfdrivelatvia.com\/marsruti\/\">mar\u0161ruta<\/a> ieg\u0101dei un b\u016bs bez noteikta der\u012bguma termi\u0146a. Ja pirkuma summa b\u016bs maz\u0101ka par D\u0101vanu kartes v\u0113rt\u012bbu, to var\u0113s izmantot n\u0101kamajiem pirkumiem, savuk\u0101rt, ja pirkuma summa p\u0101rsniegs D\u0101vanu kartes v\u0113rt\u012bbu, pie pirkuma noform\u0113\u0161anas b\u016bs j\u0101piemaks\u0101 tikai starp\u012bba.<\/p>\n<p>D\u0101vini emocijas un neaizmirstamu piedz\u012bvojumu!<\/p>\n","protected":false},"excerpt":{"rendered":"<p>Ja Tu v\u0113lies k\u0101du p\u0101rsteigt sv\u0113tkos ar \u012bpa\u0161u piedz\u012bvojumu, tad izv\u0113lies &#8220;Self Drive Latvia&#8221; elektronisko D\u0101vanu karti auto ce\u013cojumu mar\u0161rutu pa Latviju ieg\u0101dei. Ar pilnu atbild\u012bbas saj\u016btu m\u0113s sak\u0101m \u2013 Latvij\u0101 IR ko redz\u0113t! Un tie\u0161i t\u0101p\u0113c pied\u0101v\u0101jam visiem automa\u0161\u012bnu \u012bpa\u0161niekiem speci\u0101li izstr\u0101d\u0101tus mar\u0161rutus, kuros apvienots viss, m\u016bsupr\u0101t, v\u0113rt\u012bg\u0101kais un pla\u0161\u0101kai publikai nezin\u0101mais \u2013 ainaviski [&hellip;]<\/p>\n","protected":false},"featured_media":8158,"comment_status":"open","ping_status":"closed","template":"","meta":[],"product_brand":[],"product_cat":[191],"product_tag":[],"class_list":{"0":"post-8010","1":"product","2":"type-product","3":"status-publish","4":"has-post-thumbnail","6":"product_cat-davanu_karte","8":"first","9":"instock","10":"purchasable","11":"product-type-pw-gift-card"},"yoast_head":"<!-- This site is optimized with the Yoast SEO plugin v27.0 - https:\/\/yoast.com\/product\/yoast-seo-wordpress\/ -->\n<title>D\u0101vanu karte - Self Drive Latvia<\/title>\n<meta name=\"description\" content=\"D\u0101vini sv\u0113tkos piedz\u012bvojumu! Unik\u0101la d\u0101vana - \u012bpa\u0161i izveidoti auto ce\u013cojumu mar\u0161ruti pa Latvijas skaist\u0101kaj\u0101m un apsl\u0113pt\u0101kaj\u0101m viet\u0101m.\" \/>\n<meta name=\"robots\" content=\"noindex, follow, max-snippet:-1, max-image-preview:large, max-video-preview:-1\" \/>\n<meta property=\"og:locale\" content=\"en_US\" \/>\n<meta property=\"og:type\" content=\"article\" \/>\n<meta property=\"og:title\" content=\"D\u0101vanu karte - Self Drive Latvia\" \/>\n<meta property=\"og:description\" content=\"D\u0101vini sv\u0113tkos piedz\u012bvojumu! Unik\u0101la d\u0101vana - \u012bpa\u0161i izveidoti auto ce\u013cojumu mar\u0161ruti pa Latvijas skaist\u0101kaj\u0101m un apsl\u0113pt\u0101kaj\u0101m viet\u0101m.\" \/>\n<meta property=\"og:url\" content=\"https:\/\/staging.selfdrivelatvia.com\/en\/product\/davanu-karte\/\" \/>\n<meta property=\"og:site_name\" content=\"Self Drive Latvia\" \/>\n<meta property=\"article:modified_time\" content=\"2020-12-18T16:06:51+00:00\" \/>\n<meta property=\"og:image\" content=\"https:\/\/staging.selfdrivelatvia.com\/wp-content\/uploads\/2020\/12\/davanu-karte-2.png\" \/>\n\t<meta property=\"og:image:width\" content=\"467\" \/>\n\t<meta property=\"og:image:height\" content=\"291\" \/>\n\t<meta property=\"og:image:type\" content=\"image\/png\" \/>\n<meta name=\"twitter:card\" content=\"summary_large_image\" \/>\n<meta name=\"twitter:label1\" content=\"Est. reading time\" \/>\n\t<meta name=\"twitter:data1\" content=\"2 minutes\" \/>\n<script type=\"application\/ld+json\" class=\"yoast-schema-graph\">{\"@context\":\"https:\/\/schema.org\",\"@graph\":[{\"@type\":\"WebPage\",\"@id\":\"https:\/\/staging.selfdrivelatvia.com\/en\/product\/davanu-karte\/\",\"url\":\"https:\/\/staging.selfdrivelatvia.com\/en\/product\/davanu-karte\/\",\"name\":\"D\u0101vanu karte - Self Drive Latvia\",\"isPartOf\":{\"@id\":\"https:\/\/staging.selfdrivelatvia.com\/en\/#website\"},\"primaryImageOfPage\":{\"@id\":\"https:\/\/staging.selfdrivelatvia.com\/en\/product\/davanu-karte\/#primaryimage\"},\"image\":{\"@id\":\"https:\/\/staging.selfdrivelatvia.com\/en\/product\/davanu-karte\/#primaryimage\"},\"thumbnailUrl\":\"https:\/\/staging.selfdrivelatvia.com\/wp-content\/uploads\/2020\/12\/davanu-karte-2.png\",\"datePublished\":\"2020-12-01T00:15:26+00:00\",\"dateModified\":\"2020-12-18T16:06:51+00:00\",\"description\":\"D\u0101vini sv\u0113tkos piedz\u012bvojumu! Unik\u0101la d\u0101vana - \u012bpa\u0161i izveidoti auto ce\u013cojumu mar\u0161ruti pa Latvijas skaist\u0101kaj\u0101m un apsl\u0113pt\u0101kaj\u0101m viet\u0101m.\",\"breadcrumb\":{\"@id\":\"https:\/\/staging.selfdrivelatvia.com\/en\/product\/davanu-karte\/#breadcrumb\"},\"inLanguage\":\"en-US\",\"potentialAction\":[{\"@type\":\"ReadAction\",\"target\":[\"https:\/\/staging.selfdrivelatvia.com\/en\/product\/davanu-karte\/\"]}]},{\"@type\":\"ImageObject\",\"inLanguage\":\"en-US\",\"@id\":\"https:\/\/staging.selfdrivelatvia.com\/en\/product\/davanu-karte\/#primaryimage\",\"url\":\"https:\/\/staging.selfdrivelatvia.com\/wp-content\/uploads\/2020\/12\/davanu-karte-2.png\",\"contentUrl\":\"https:\/\/staging.selfdrivelatvia.com\/wp-content\/uploads\/2020\/12\/davanu-karte-2.png\",\"width\":467,\"height\":291,\"caption\":\"D\u0101vanu karte\"},{\"@type\":\"BreadcrumbList\",\"@id\":\"https:\/\/staging.selfdrivelatvia.com\/en\/product\/davanu-karte\/#breadcrumb\",\"itemListElement\":[{\"@type\":\"ListItem\",\"position\":1,\"name\":\"Home\",\"item\":\"https:\/\/staging.selfdrivelatvia.com\/en\/\"},{\"@type\":\"ListItem\",\"position\":2,\"name\":\"Shop\",\"item\":\"https:\/\/staging.selfdrivelatvia.com\/shop\/\"},{\"@type\":\"ListItem\",\"position\":3,\"name\":\"D\u0101vanu karte\"}]},{\"@type\":\"WebSite\",\"@id\":\"https:\/\/staging.selfdrivelatvia.com\/en\/#website\",\"url\":\"https:\/\/staging.selfdrivelatvia.com\/en\/\",\"name\":\"Self Drive Latvia\",\"description\":\"Auto ce\u013cojumu mar\u0161ruti pa Latviju\",\"potentialAction\":[{\"@type\":\"SearchAction\",\"target\":{\"@type\":\"EntryPoint\",\"urlTemplate\":\"https:\/\/staging.selfdrivelatvia.com\/en\/?s={search_term_string}\"},\"query-input\":{\"@type\":\"PropertyValueSpecification\",\"valueRequired\":true,\"valueName\":\"search_term_string\"}}],\"inLanguage\":\"en-US\"}]}<\/script>\n<!-- \/ Yoast SEO plugin. -->","yoast_head_json":{"title":"D\u0101vanu karte - Self Drive Latvia","description":"D\u0101vini sv\u0113tkos piedz\u012bvojumu! Unik\u0101la d\u0101vana - \u012bpa\u0161i izveidoti auto ce\u013cojumu mar\u0161ruti pa Latvijas skaist\u0101kaj\u0101m un apsl\u0113pt\u0101kaj\u0101m viet\u0101m.","robots":{"index":"noindex","follow":"follow","max-snippet":"max-snippet:-1","max-image-preview":"max-image-preview:large","max-video-preview":"max-video-preview:-1"},"og_locale":"en_US","og_type":"article","og_title":"D\u0101vanu karte - Self Drive Latvia","og_description":"D\u0101vini sv\u0113tkos piedz\u012bvojumu! Unik\u0101la d\u0101vana - \u012bpa\u0161i izveidoti auto ce\u013cojumu mar\u0161ruti pa Latvijas skaist\u0101kaj\u0101m un apsl\u0113pt\u0101kaj\u0101m viet\u0101m.","og_url":"https:\/\/staging.selfdrivelatvia.com\/en\/product\/davanu-karte\/","og_site_name":"Self Drive Latvia","article_modified_time":"2020-12-18T16:06:51+00:00","og_image":[{"width":467,"height":291,"url":"https:\/\/staging.selfdrivelatvia.com\/wp-content\/uploads\/2020\/12\/davanu-karte-2.png","type":"image\/png"}],"twitter_card":"summary_large_image","twitter_misc":{"Est. reading time":"2 minutes"},"schema":{"@context":"https:\/\/schema.org","@graph":[{"@type":"WebPage","@id":"https:\/\/staging.selfdrivelatvia.com\/en\/product\/davanu-karte\/","url":"https:\/\/staging.selfdrivelatvia.com\/en\/product\/davanu-karte\/","name":"D\u0101vanu karte - Self Drive Latvia","isPartOf":{"@id":"https:\/\/staging.selfdrivelatvia.com\/en\/#website"},"primaryImageOfPage":{"@id":"https:\/\/staging.selfdrivelatvia.com\/en\/product\/davanu-karte\/#primaryimage"},"image":{"@id":"https:\/\/staging.selfdrivelatvia.com\/en\/product\/davanu-karte\/#primaryimage"},"thumbnailUrl":"https:\/\/staging.selfdrivelatvia.com\/wp-content\/uploads\/2020\/12\/davanu-karte-2.png","datePublished":"2020-12-01T00:15:26+00:00","dateModified":"2020-12-18T16:06:51+00:00","description":"D\u0101vini sv\u0113tkos piedz\u012bvojumu! Unik\u0101la d\u0101vana - \u012bpa\u0161i izveidoti auto ce\u013cojumu mar\u0161ruti pa Latvijas skaist\u0101kaj\u0101m un apsl\u0113pt\u0101kaj\u0101m viet\u0101m.","breadcrumb":{"@id":"https:\/\/staging.selfdrivelatvia.com\/en\/product\/davanu-karte\/#breadcrumb"},"inLanguage":"en-US","potentialAction":[{"@type":"ReadAction","target":["https:\/\/staging.selfdrivelatvia.com\/en\/product\/davanu-karte\/"]}]},{"@type":"ImageObject","inLanguage":"en-US","@id":"https:\/\/staging.selfdrivelatvia.com\/en\/product\/davanu-karte\/#primaryimage","url":"https:\/\/staging.selfdrivelatvia.com\/wp-content\/uploads\/2020\/12\/davanu-karte-2.png","contentUrl":"https:\/\/staging.selfdrivelatvia.com\/wp-content\/uploads\/2020\/12\/davanu-karte-2.png","width":467,"height":291,"caption":"D\u0101vanu karte"},{"@type":"BreadcrumbList","@id":"https:\/\/staging.selfdrivelatvia.com\/en\/product\/davanu-karte\/#breadcrumb","itemListElement":[{"@type":"ListItem","position":1,"name":"Home","item":"https:\/\/staging.selfdrivelatvia.com\/en\/"},{"@type":"ListItem","position":2,"name":"Shop","item":"https:\/\/staging.selfdrivelatvia.com\/shop\/"},{"@type":"ListItem","position":3,"name":"D\u0101vanu karte"}]},{"@type":"WebSite","@id":"https:\/\/staging.selfdrivelatvia.com\/en\/#website","url":"https:\/\/staging.selfdrivelatvia.com\/en\/","name":"Self Drive Latvia","description":"Auto ce\u013cojumu mar\u0161ruti pa Latviju","potentialAction":[{"@type":"SearchAction","target":{"@type":"EntryPoint","urlTemplate":"https:\/\/staging.selfdrivelatvia.com\/en\/?s={search_term_string}"},"query-input":{"@type":"PropertyValueSpecification","valueRequired":true,"valueName":"search_term_string"}}],"inLanguage":"en-US"}]}},"_links":{"self":[{"href":"https:\/\/staging.selfdrivelatvia.com\/en\/wp-json\/wp\/v2\/product\/8010","targetHints":{"allow":["GET"]}}],"collection":[{"href":"https:\/\/staging.selfdrivelatvia.com\/en\/wp-json\/wp\/v2\/product"}],"about":[{"href":"https:\/\/staging.selfdrivelatvia.com\/en\/wp-json\/wp\/v2\/types\/product"}],"replies":[{"embeddable":true,"href":"https:\/\/staging.selfdrivelatvia.com\/en\/wp-json\/wp\/v2\/comments?post=8010"}],"wp:featuredmedia":[{"embeddable":true,"href":"https:\/\/staging.selfdrivelatvia.com\/en\/wp-json\/wp\/v2\/media\/8158"}],"wp:attachment":[{"href":"https:\/\/staging.selfdrivelatvia.com\/en\/wp-json\/wp\/v2\/media?parent=8010"}],"wp:term":[{"taxonomy":"product_brand","embeddable":true,"href":"https:\/\/staging.selfdrivelatvia.com\/en\/wp-json\/wp\/v2\/product_brand?post=8010"},{"taxonomy":"product_cat","embeddable":true,"href":"https:\/\/staging.selfdrivelatvia.com\/en\/wp-json\/wp\/v2\/product_cat?post=8010"},{"taxonomy":"product_tag","embeddable":true,"href":"https:\/\/staging.selfdrivelatvia.com\/en\/wp-json\/wp\/v2\/product_tag?post=8010"}],"curies":[{"name":"wp","href":"https:\/\/api.w.org\/{rel}","templated":true}]}}